{"id":395,"date":"2019-09-16T07:49:14","date_gmt":"2019-09-16T07:49:14","guid":{"rendered":"http:\/\/tlpartners.pl\/homeentest\/"},"modified":"2019-10-29T11:25:01","modified_gmt":"2019-10-29T11:25:01","slug":"homeentest","status":"publish","type":"page","link":"http:\/\/tlpartners.pl\/en\/","title":{"rendered":"Home"},"content":{"rendered":"<p>[vc_row][vc_column][vc_empty_space height=&#8221;20px&#8221;][\/vc_column][\/vc_row][vc_row full_width=&#8221;stretch_row_content_no_spaces&#8221; equal_height=&#8221;yes&#8221; content_placement=&#8221;middle&#8221; parallax=&#8221;content-moving&#8221; css=&#8221;.vc_custom_1568660336983{background-image: url(http:\/\/tlpartners.pl\/wp-content\/uploads\/2019\/07\/zdjecie-glowne-1.jpg?id=60) !important;}&#8221;][vc_column width=&#8221;1\/2&#8243;][vc_empty_space height=&#8221;5px&#8221;][vc_column_text css=&#8221;.vc_custom_1568661530210{margin-left: 30px !important;border-top-width: 25px !important;border-right-width: 25px !important;border-bottom-width: 25px !important;border-left-width: 25px !important;padding-top: 25px !important;padding-bottom: 25px !important;padding-left: 25px !important;background-color: rgba(0,0,0,0.8) !important;*background-color: rgb(0,0,0) !important;}&#8221;]<br \/>\nTax Law Partners is independent advisory firm established by tax advisors and attorneys at law. We gained our multiannual experience working with domestic and foreign entities in international advisory corporations.<br \/>\n[\/vc_column_text][vc_empty_space][\/vc_column][vc_column width=&#8221;1\/2&#8243;][vc_empty_space height=&#8221;600px&#8221;][\/vc_column][\/vc_row][vc_row][vc_column][vc_empty_space][vc_empty_space][\/vc_column][\/vc_row][vc_row][vc_column width=&#8221;1\/2&#8243;][vc_single_image image=&#8221;32&#8243; img_size=&#8221;1200&#215;600&#8243;][\/vc_column][vc_column width=&#8221;1\/2&#8243;][vc_empty_space height=&#8221;55 px&#8221;][vc_column_text css=&#8221;.vc_custom_1568615569396{margin-left: 20px !important;}&#8221;]<\/p>\n<h5>We offer complex support in tax and law areas for entrepreneurs in demanding cases (restructuring\/reorganization process) as well as ongoing advisory for business entities and individuals.<\/h5>\n<p>[\/vc_column_text][\/vc_column][\/vc_row][vc_row][vc_column][vc_empty_space height=&#8221;35px&#8221;][vc_text_separator title=&#8221;Scope of services&#8221; color=&#8221;custom&#8221; style=&#8221;dotted&#8221; border_width=&#8221;2&#8243; accent_color=&#8221;#ff8000&#8243;][vc_empty_space height=&#8221;35px&#8221;][\/vc_column][\/vc_row][vc_row gap=&#8221;5&#8243;][vc_column width=&#8221;1\/4&#8243; css=&#8221;.vc_custom_1568631380652{border-top-width: 1px !important;border-right-width: 1px !important;border-bottom-width: 1px !important;border-left-width: 1px !important;background-color: #ffffff !important;border-left-color: #fd8b30 !important;border-left-style: solid !important;border-right-color: #fd8b30 !important;border-right-style: solid !important;border-top-color: #fd8b30 !important;border-top-style: solid !important;border-bottom-color: #fd8b30 !important;border-bottom-style: solid !important;border-radius: 2px !important;}&#8221;][vc_icon type=&#8221;linecons&#8221; icon_linecons=&#8221;vc_li vc_li-settings&#8221; color=&#8221;black&#8221; size=&#8221;lg&#8221; align=&#8221;center&#8221;][vc_empty_space height=&#8221;15px&#8221;][vc_custom_heading text=&#8221;Reorganization of the Activity&#8221; font_container=&#8221;tag:h4|font_size:24|text_align:center&#8221; google_fonts=&#8221;font_family:Lato%3A100%2C100italic%2C300%2C300italic%2Cregular%2Citalic%2C700%2C700italic%2C900%2C900italic|font_style:400%20regular%3A400%3Anormal&#8221;][vc_empty_space height=&#8221;39px&#8221;][\/vc_column][vc_column width=&#8221;1\/4&#8243; css=&#8221;.vc_custom_1568631372638{border-top-width: 1px !important;border-right-width: 1px !important;border-bottom-width: 1px !important;border-left-width: 1px !important;background-color: #ffffff !important;border-left-color: #fd8b30 !important;border-left-style: solid !important;border-right-color: #fd8b30 !important;border-right-style: solid !important;border-top-color: #fd8b30 !important;border-top-style: solid !important;border-bottom-color: #fd8b30 !important;border-bottom-style: solid !important;border-radius: 2px !important;}&#8221;][vc_icon type=&#8221;linecons&#8221; icon_linecons=&#8221;vc_li vc_li-data&#8221; color=&#8221;black&#8221; size=&#8221;lg&#8221; align=&#8221;center&#8221;][vc_custom_heading text=&#8221;Tax and other public duties&#8221; font_container=&#8221;tag:h4|font_size:24|text_align:center&#8221; google_fonts=&#8221;font_family:Lato%3A100%2C100italic%2C300%2C300italic%2Cregular%2Citalic%2C700%2C700italic%2C900%2C900italic|font_style:400%20regular%3A400%3Anormal&#8221;][vc_empty_space height=&#8221;33px&#8221;][\/vc_column][vc_column width=&#8221;1\/4&#8243; css=&#8221;.vc_custom_1568631364018{border-top-width: 1px !important;border-right-width: 1px !important;border-bottom-width: 1px !important;border-left-width: 1px !important;background-color: #ffffff !important;border-left-color: #fd8b30 !important;border-left-style: solid !important;border-right-color: #fd8b30 !important;border-right-style: solid !important;border-top-color: #fd8b30 !important;border-top-style: solid !important;border-bottom-color: #fd8b30 !important;border-bottom-style: solid !important;border-radius: 2px !important;}&#8221;][vc_icon type=&#8221;linecons&#8221; icon_linecons=&#8221;vc_li vc_li-study&#8221; color=&#8221;black&#8221; size=&#8221;lg&#8221; align=&#8221;center&#8221;][vc_empty_space height=&#8221;25px&#8221;][vc_custom_heading text=&#8221;Law assistance&#8221; font_container=&#8221;tag:h4|font_size:24|text_align:center&#8221; google_fonts=&#8221;font_family:Lato%3A100%2C100italic%2C300%2C300italic%2Cregular%2Citalic%2C700%2C700italic%2C900%2C900italic|font_style:400%20regular%3A400%3Anormal&#8221;][vc_empty_space height=&#8221;57 px&#8221;][\/vc_column][vc_column width=&#8221;1\/4&#8243; css=&#8221;.vc_custom_1568631348155{border-top-width: 1px !important;border-right-width: 1px !important;border-bottom-width: 1px !important;border-left-width: 1px !important;background-color: #ffffff !important;border-left-color: #fd8b30 !important;border-left-style: solid !important;border-right-color: #fd8b30 !important;border-right-style: solid !important;border-top-color: #fd8b30 !important;border-top-style: solid !important;border-bottom-color: #fd8b30 !important;border-bottom-style: solid !important;border-radius: 2px !important;}&#8221;][vc_icon type=&#8221;linecons&#8221; icon_linecons=&#8221;vc_li vc_li-user&#8221; color=&#8221;black&#8221; size=&#8221;lg&#8221; align=&#8221;center&#8221;][vc_empty_space height=&#8221;15px&#8221;][vc_custom_heading text=&#8221;Representation in litigations&#8221; font_container=&#8221;tag:h4|font_size:24|text_align:center&#8221; google_fonts=&#8221;font_family:Lato%3A100%2C100italic%2C300%2C300italic%2Cregular%2Citalic%2C700%2C700italic%2C900%2C900italic|font_style:400%20regular%3A400%3Anormal&#8221;][vc_empty_space height=&#8221;39px&#8221;][\/vc_column][\/vc_row][vc_row][vc_column width=&#8221;1\/3&#8243;][\/vc_column][vc_column width=&#8221;1\/3&#8243;][vc_empty_space height=&#8221;55px&#8221;][vc_empty_space height=&#8221;15px&#8221;][vc_custom_heading text=&#8221;Check a full scope of our services!&#8221; font_container=&#8221;tag:h2|text_align:center|color:%23ffffff&#8221; google_fonts=&#8221;font_family:Playfair%20Display%3Aregular%2Citalic%2C700%2C700italic%2C900%2C900italic|font_style:400%20regular%3A400%3Anormal&#8221; link=&#8221;url:http%3A%2F%2Ftlpartners.pl%2Fen%2Fscope-of-services%2F|&#8221; css=&#8221;.vc_custom_1568661084266{padding-top: 20px !important;padding-right: 20px !important;padding-bottom: 20px !important;padding-left: 20px !important;background-color: #ff8000 !important;}&#8221;][\/vc_column][vc_column width=&#8221;1\/3&#8243;][\/vc_column][\/vc_row][vc_row][vc_column][vc_empty_space height=&#8221;55px&#8221;][vc_text_separator title=&#8221;Our team&#8221; color=&#8221;custom&#8221; style=&#8221;dotted&#8221; border_width=&#8221;2&#8243; accent_color=&#8221;#ff8000&#8243;][vc_empty_space height=&#8221;35px&#8221;][\/vc_column][\/vc_row][vc_row gap=&#8221;10&#8243;][vc_column width=&#8221;1\/2&#8243;][vc_single_image image=&#8221;305&#8243; img_size=&#8221;large&#8221;][vc_custom_heading text=&#8221;Tomasz Kocowski&#8221; font_container=&#8221;tag:h3|font_size:24|text_align:center|color:%23ff8000&#8243; google_fonts=&#8221;font_family:Playfair%20Display%3Aregular%2Citalic%2C700%2C700italic%2C900%2C900italic|font_style:700%20bold%20regular%3A700%3Anormal&#8221;][vc_column_text]<\/p>\n<h5>Tom is tax advisor and attorney at law. He graduated faculty of law and wrote Ph.D. dissertation in administrative law. Tom gained his professional experience working almost 10 years for Deloitte Tax Advisory and Deloitte Legal. Tom is specializing in the aspects of organization and reorganization of business activity from the tax and legal perspective. He assisted clients in number of sale and acquisition of the business transactions. Tom has also multiannual experience in income tax advisory, international tax advisory and tax litigation.<\/h5>\n<p>[\/vc_column_text][\/vc_column][vc_column width=&#8221;1\/2&#8243;][vc_single_image image=&#8221;304&#8243; img_size=&#8221;large&#8221;][vc_custom_heading text=&#8221;Justyna Olszowy&#8221; font_container=&#8221;tag:h4|font_size:24|text_align:center|color:%23ff8000&#8243; google_fonts=&#8221;font_family:Playfair%20Display%3Aregular%2Citalic%2C700%2C700italic%2C900%2C900italic|font_style:700%20bold%20regular%3A700%3Anormal&#8221;][vc_column_text]<\/p>\n<h5>Justyna is attorney at law. She gained her professional experience working for international law firm i.e. Deloitte Legal and EY Law. Justyna is specializing in legal advisory such as commercial company law and civil law. She has experience in conducting internal process and reorganization process such as transformations, divisions and mergers including cross border merger of the companies. Justyna assisted client in the process of transfer of organized part of the enterprise in the area of labor law, real estate law, industrial property law. As part of her specialization she also provides ongoing advisory for the entrepreneurs especially in the area of new technology and e-commerce.<\/h5>\n<p>[\/vc_column_text][\/vc_column][\/vc_row][vc_row][vc_column][vc_empty_space height=&#8221;55px&#8221;][vc_text_separator title=&#8221;Get in touch with us&#8221; color=&#8221;custom&#8221; style=&#8221;dotted&#8221; border_width=&#8221;2&#8243; accent_color=&#8221;#ff8000&#8243;][vc_empty_space height=&#8221;35px&#8221;][\/vc_column][\/vc_row][vc_row full_height=&#8221;yes&#8221; content_placement=&#8221;middle&#8221;][vc_column]<div class=\"wpforms-container wpforms-container-full\" id=\"wpforms-291\"><form id=\"wpforms-form-291\" class=\"wpforms-validate wpforms-form\" data-formid=\"291\" method=\"post\" enctype=\"multipart\/form-data\" action=\"\/en\/wp-json\/wp\/v2\/pages\/395\/\" data-token=\"eb0a8aa15246525a27d713696294857b\"><noscript class=\"wpforms-error-noscript\">Please enable JavaScript in your browser to complete this form.<\/noscript><div class=\"wpforms-field-container\"><div id=\"wpforms-291-field_3-container\" class=\"wpforms-field wpforms-field-text\" data-field-id=\"3\"><label class=\"wpforms-field-label\" for=\"wpforms-291-field_3\">Twoje imi\u0119 i nazwisko \/ Name &amp; Surname <span class=\"wpforms-required-label\">*<\/span><\/label><input type=\"text\" id=\"wpforms-291-field_3\" class=\"wpforms-field-medium wpforms-field-required\" name=\"wpforms[fields][3]\" placeholder=\"Jan Kowalski\" required><\/div><div id=\"wpforms-291-field_1-container\" class=\"wpforms-field wpforms-field-email\" data-field-id=\"1\"><label class=\"wpforms-field-label\" for=\"wpforms-291-field_1\">Email <span class=\"wpforms-required-label\">*<\/span><\/label><input type=\"email\" id=\"wpforms-291-field_1\" class=\"wpforms-field-medium wpforms-field-required\" name=\"wpforms[fields][1]\" placeholder=\"jan@kowalski.pl\" required><\/div><div id=\"wpforms-291-field_6-container\" class=\"wpforms-field wpforms-field-text\" data-field-id=\"6\"><label class=\"wpforms-field-label\" for=\"wpforms-291-field_6\">Firma \/ Company<\/label><input type=\"text\" id=\"wpforms-291-field_6\" class=\"wpforms-field-medium\" name=\"wpforms[fields][6]\" ><\/div><div id=\"wpforms-291-field_4-container\" class=\"wpforms-field wpforms-field-number\" data-field-id=\"4\"><label class=\"wpforms-field-label\" for=\"wpforms-291-field_4\">Numer telefonu \/ Phone Number<\/label><input type=\"number\" pattern=\"\\d*\" id=\"wpforms-291-field_4\" class=\"wpforms-field-medium\" name=\"wpforms[fields][4]\" placeholder=\"696000696\" ><\/div><div id=\"wpforms-291-field_2-container\" class=\"wpforms-field wpforms-field-textarea\" data-field-id=\"2\"><label class=\"wpforms-field-label\" for=\"wpforms-291-field_2\">Twoja wiadomo\u015b\u0107 \/ Your message <span class=\"wpforms-required-label\">*<\/span><\/label><textarea id=\"wpforms-291-field_2\" class=\"wpforms-field-medium wpforms-field-required\" name=\"wpforms[fields][2]\" placeholder=\"Opisz sw\u00f3j problem \" required><\/textarea><\/div><div id=\"wpforms-291-field_5-container\" class=\"wpforms-field wpforms-field-checkbox\" data-field-id=\"5\"><label class=\"wpforms-field-label\" for=\"wpforms-291-field_5\">Zgoda marketingowa <span class=\"wpforms-required-label\">*<\/span><\/label><ul id=\"wpforms-291-field_5\" class=\"wpforms-field-required\" data-choice-limit=\"1\"><li class=\"choice-1 depth-1\"><input type=\"checkbox\" id=\"wpforms-291-field_5_1\" data-rule-check-limit=\"true\" name=\"wpforms[fields][5][]\" value=\"Zgoda na kontakt drog\u0105 telefoniczn\u0105 lub elektroniczn\u0105\" required ><label class=\"wpforms-field-label-inline\" for=\"wpforms-291-field_5_1\">Zgoda na kontakt drog\u0105 telefoniczn\u0105 lub elektroniczn\u0105<\/label><\/li><\/ul><\/div><div id=\"wpforms-291-field_7-container\" class=\"wpforms-field wpforms-field-email\" data-field-id=\"7\"><label class=\"wpforms-field-label\" for=\"wpforms-291-field_7\">Email <span class=\"wpforms-required-label\">*<\/span><\/label><input type=\"email\" id=\"wpforms-291-field_7\" class=\"wpforms-field-medium wpforms-field-required\" name=\"wpforms[fields][7]\" required><\/div><div id=\"wpforms-291-field_8-container\" class=\"wpforms-field wpforms-field-checkbox\" data-field-id=\"8\"><label class=\"wpforms-field-label\" for=\"wpforms-291-field_8\">Checkboxes<\/label><ul id=\"wpforms-291-field_8\"><li class=\"choice-1 depth-1\"><input type=\"checkbox\" id=\"wpforms-291-field_8_1\" name=\"wpforms[fields][8][]\" value=\"First Choice\"  ><label class=\"wpforms-field-label-inline\" for=\"wpforms-291-field_8_1\">First Choice<\/label><\/li><li class=\"choice-2 depth-1\"><input type=\"checkbox\" id=\"wpforms-291-field_8_2\" name=\"wpforms[fields][8][]\" value=\"Second Choice\"  ><label class=\"wpforms-field-label-inline\" for=\"wpforms-291-field_8_2\">Second Choice<\/label><\/li><li class=\"choice-3 depth-1\"><input type=\"checkbox\" id=\"wpforms-291-field_8_3\" name=\"wpforms[fields][8][]\" value=\"Third Choice\"  ><label class=\"wpforms-field-label-inline\" for=\"wpforms-291-field_8_3\">Third Choice<\/label><\/li><\/ul><\/div><\/div><div class=\"wpforms-field wpforms-field-hp\"><label for=\"wpforms-291-field-hp\" class=\"wpforms-field-label\">Comment<\/label><input type=\"text\" name=\"wpforms[hp]\" id=\"wpforms-291-field-hp\" class=\"wpforms-field-medium\"><\/div><div class=\"wpforms-submit-container\" ><input type=\"hidden\" name=\"wpforms[id]\" value=\"291\"><input type=\"hidden\" name=\"wpforms[author]\" value=\"1\"><button type=\"submit\" name=\"wpforms[submit]\" class=\"wpforms-submit \" id=\"wpforms-submit-291\" value=\"wpforms-submit\" aria-live=\"assertive\" data-alt-text=\"Trwa wysy\u0142anie...\" data-submit-text=\"Wy\u015blij\">Wy\u015blij<\/button><\/div><\/form><\/div>  <!-- .wpforms-container -->[\/vc_column][\/vc_row]<\/p>\n","protected":false},"excerpt":{"rendered":"<p>[vc_row][vc_column][vc_empty_space height=&#8221;20px&#8221;][\/vc_column][\/vc_row][vc_row full_width=&#8221;stretch_row_content_no_spaces&#8221; equal_height=&#8221;yes&#8221; content_placement=&#8221;middle&#8221; parallax=&#8221;content-moving&#8221; css=&#8221;.vc_custom_1568660336983{background-image: url(http:\/\/tlpartners.pl\/wp-content\/uploads\/2019\/07\/zdjecie-glowne-1.jpg?id=60) !important;}&#8221;][vc_column width=&#8221;1\/2&#8243;][vc_empty_space height=&#8221;5px&#8221;][vc_column_text css=&#8221;.vc_custom_1568661530210{margin-left: 30px !important;border-top-width: 25px !important;border-right-width: 25px !important;border-bottom-width: 25px !important;border-left-width:&#8230;<\/p>\n","protected":false},"author":1,"featured_media":0,"parent":0,"menu_order":0,"comment_status":"closed","ping_status":"closed","template":"my-templates\/template-fullwidth.php","meta":[],"_links":{"self":[{"href":"http:\/\/tlpartners.pl\/en\/wp-json\/wp\/v2\/pages\/395\/"}],"collection":[{"href":"http:\/\/tlpartners.pl\/en\/wp-json\/wp\/v2\/pages\/"}],"about":[{"href":"http:\/\/tlpartners.pl\/en\/wp-json\/wp\/v2\/types\/page\/"}],"author":[{"embeddable":true,"href":"http:\/\/tlpartners.pl\/en\/wp-json\/wp\/v2\/users\/1\/"}],"replies":[{"embeddable":true,"href":"http:\/\/tlpartners.pl\/en\/wp-json\/wp\/v2\/comments\/?post=395"}],"version-history":[{"count":59,"href":"http:\/\/tlpartners.pl\/en\/wp-json\/wp\/v2\/pages\/395\/revisions\/"}],"predecessor-version":[{"id":572,"href":"http:\/\/tlpartners.pl\/en\/wp-json\/wp\/v2\/pages\/395\/revisions\/572\/"}],"wp:attachment":[{"href":"http:\/\/tlpartners.pl\/en\/wp-json\/wp\/v2\/media\/?parent=395"}],"curies":[{"name":"wp","href":"https:\/\/api.w.org\/{rel}","templated":true}]}}